{"id":13557,"date":"2021-03-23T09:32:04","date_gmt":"2021-03-23T09:32:04","guid":{"rendered":"https:\/\/www.autocarsmir.com\/?page_id=13557"},"modified":"2021-08-06T10:26:46","modified_gmt":"2021-08-06T10:26:46","slug":"politica-de-cookies","status":"publish","type":"page","link":"https:\/\/www.autocarsmir.com\/es\/politica-de-cookies\/","title":{"rendered":"Pol\u00edtica de cookies"},"content":{"rendered":"<p><strong>3. POL\u00cdTICA DE COOKIES DE TRANSPORTS MIR, S.A.<\/strong><\/p>\n<p><strong>3.1. \u00bfQu\u00e9 son las cookies?, Definici\u00f3n<\/strong><br \/>\nUna cookie es un fichero que se descarga en su equipo (por ejemplo, un ordenador, un tel\u00e9fono m\u00f3vil o una Tablet) al acceder a determinadas p\u00e1ginas web. Las cookies permiten a una p\u00e1gina web, entre otras cosas, almacenar y recuperar informaci\u00f3n sobre los h\u00e1bitos de navegaci\u00f3n de un usuario o de su equipo y, dependiendo de la informaci\u00f3n que contengan y de la forma en que utilice su equipo, pueden utilizarse para reconocer al usuario.<\/p>\n<p><strong>3.2. \u00bfPor qu\u00e9 son importantes las cookies?<\/strong><br \/>\nLas cookies son \u00fatiles por varios motivos. Desde un punto de vista t\u00e9cnico, permiten que las p\u00e1ginas web funcionen de forma m\u00e1s \u00e1gil y adaptada a sus preferencias, como por ejemplo almacenar su preferencia de idioma. Adem\u00e1s, ayudan a los responsables de los sitios web a mejorar los servicios que ofrecen, gracias a la informaci\u00f3n estad\u00edstica que recogen a trav\u00e9s de ellas.<\/p>\n<p><strong>3.3. Tipos de cookies que se pueden utilizar y clasificaci\u00f3n<\/strong><br \/>\n&#8211; Cookies t\u00e9cnicas: Son aqu\u00e9llas que permiten al usuario la navegaci\u00f3n a trav\u00e9s de la p\u00e1gina web o aplicaci\u00f3n y la utilizaci\u00f3n de las diferentes opciones o servicios que en ella existen. Son imprescindibles para un uso normal de la p\u00e1gina. Por ejemplo, identificar la sesi\u00f3n, controlar el tr\u00e1fico y la comunicaci\u00f3n de datos, acceder a las partes web de acceso restringido, etc.<br \/>\n&#8211; Cookies de personalizaci\u00f3n: Son aqu\u00e9llas que permiten al usuario acceder al servicio con algunas caracter\u00edsticas de car\u00e1cter general predefinidas en su terminal o que el propio usuario defina. Por ejemplo, el idioma, el tipo de navegador a trav\u00e9s del cual accede al servicio, etc.<br \/>\n&#8211; Cookies de an\u00e1lisis: Son aqu\u00e9llas que bien tratadas por nosotros o por terceros, permiten cuantificar el n\u00famero de usuarios y as\u00ed realizar la medici\u00f3n y an\u00e1lisis estad\u00edstico de la utilizaci\u00f3n que hacen los usuarios de la p\u00e1gina web. Para ello se analiza su navegaci\u00f3n por las secciones de la p\u00e1gina con el fin de mejorar sus contenidos de forma continua.<br \/>\n-Cookies de sesi\u00f3n: Estas cookies permanecen activas \u00fanicamente durante el tiempo de uso por parte del usuario. No almacena ning\u00fan dato en su navegador o disco duro. Es interesante desde el punto de vista de an\u00e1lisis de la navegaci\u00f3n y ofrecer mejor experiencia seg\u00fan se va estudiando el mercado.<\/p>\n<p>&#8211; Cookies permanentes: A diferencia de las anteriores, es tas cookies s\u00ed que se almacenan en el navegador y se activan cada vez que se realiza una nueva visita. Tienen una fecha de expiraci\u00f3n concreta y despu\u00e9s de sobrepasar dicha fecha ya no sirven, a no ser que volvamos a mostrar el aviso al usuario y lo vuelva a aceptar.<br \/>\n&#8211; Cookies publicitarias: Estas cookies estudian el comportamiento de los usuarios para poder ofrecerles despu\u00e9s publicidad relacionada con lo que se supone interesa a su perfil.<br \/>\n&#8211; Cookies propias: Son las cookies propias del editor del sitio web. Es decir las mismas que prestan el servicio al usuario de la web propia.<br \/>\n&#8211; Cookies de terceros: Son las cookies que se instalan por otra entidad que no es el editor del sitio, sino por otra entidad que trata los datos a trav\u00e9s de las cookies. Por ejemplo Google Analytics.<\/p>\n<p>La siguiente tabla muestra, de forma resumida, las cookies que utilizamos en nuestra p\u00e1gina web o en las apps para dispositivos m\u00f3viles:<\/p>\n<p>Google Analytics Actividad en la web y tiempo de navegaci\u00f3n Estas cookies se utilizan para recoger informaci\u00f3n sobre el uso de nuestra p\u00e1gina web por parte de los visitantes. Utilizamos la informaci\u00f3n para elaborar informes y para mejorar el sitio. Las cookies recopilan informaci\u00f3n de forma an\u00f3nima, que incluye, entre otros, el n\u00famero de visitantes al sitio, el lugar de procedencia al sitio de los visitantes y las p\u00e1ginas visitadas. Ver<\/p>\n<p>Nosotros no utilizamos ning\u00fan tipo de cookies de publicidad.<\/p>\n<p>Las cookies que utilizamos no almacenan dato personal alguno conforme a la legislaci\u00f3n en materia de protecci\u00f3n de datos vigente.<\/p>\n<p><strong>3.4. \u00bfC\u00f3mo desactivar o eliminar las cookies?<\/strong><br \/>\nAl navegar y continuar en nuestra p\u00e1gina web o en la instalaci\u00f3n de nuestras apps para dispositivos m\u00f3viles puede estar consintiendo el uso de las cookies en las condiciones contenidas en la presente Pol\u00edtica de Cookies.<\/p>\n<p>Le informamos de que, dado que las cookies no son necesarias para el uso de nuestra p\u00e1gina web, puede bloquearlas o deshabilitarlas activando la configuraci\u00f3n de su navegador, que le permite rechazar la instalaci\u00f3n de todas las cookies o de algunas de ellas.<br \/>\nPor lo general bastar\u00e1 con abrir el navegador y elegir la opci\u00f3n de \u201cborrar datos de navegaci\u00f3n\u201d en el men\u00fa correspondiente.<br \/>\nTambi\u00e9n puede usted permitir, bloquear o eliminar las cookies instaladas en su equipo mediante la configuraci\u00f3n de las opciones del navegador instalado en su ordenador.<\/p>\n<ul>\n<li>Para m\u00e1s informaci\u00f3n sobre el navegador Firefox pulse <a href=\"http:\/\/support.mozilla.org\/es\/kb\/cookies-informacion-que-los-sitios-web-guardan-en-\">aqu\u00ed<\/a>.<\/li>\n<li>Para m\u00e1s informaci\u00f3n sobre el navegador Chrome pulse <a href=\"https:\/\/support.google.com\/chrome\/answer\/95647?hl=es\">aqu\u00ed<\/a>.<\/li>\n<li>Para m\u00e1s informaci\u00f3n sobre el navegador Explorer pulse <a href=\"http:\/\/windows.microsoft.com\/es-es\/internet-explorer\/delete-manage-cookies#ie=ie-11\">aqu\u00ed<\/a>.<\/li>\n<li>Para m\u00e1s informaci\u00f3n sobre el navegador Safari desde <a href=\"http:\/\/support.apple.com\/kb\/HT1677?viewlocale=es_ES&amp;locale=es_ES\">aqu\u00ed<\/a>.<\/li>\n<li>Para m\u00e1s informaci\u00f3n sobre el navegador Opera desde <a href=\"http:\/\/help.opera.com\/Mac\/12.10\/es-LA\/cookies.html\">aqu\u00ed<\/a>.<\/li>\n<\/ul>\n<p>Si desea informaci\u00f3n adicional sobre c\u00f3mo configurar las Cookies detallada por proveedor o administrar sus preferencias, visite el portal Your Online Choices. Si desea m\u00e1s informaci\u00f3n sobre las cookies y su funcionamiento en general puede consultar la Gu\u00eda de Utilizaci\u00f3n de Cookies publicada por la Agencia Espa\u00f1ola de Protecci\u00f3n de Datos.<\/p>\n<p><strong>3.5. Actualizaciones de la Pol\u00edtica de Cookies<\/strong><br \/>\nTransports Mir, S.A. modificar\u00e1 la presente pol\u00edtica en funci\u00f3n de exigencias legislativas, reglamentarias, o con la finalidad de adaptar dicha pol\u00edtica a las instrucciones dictadas por la Agencia Espa\u00f1ola de Protecci\u00f3n de Datos, por ello se aconseja a los usuarios de la misma que la visiten peri\u00f3dicamente.<\/p>\n<p>&nbsp;<\/p>\n<p><script id=\"CookieDeclaration\" src=\"https:\/\/consent.cookiebot.com\/e1774321-b645-420c-a6cf-6b1f73580760\/cd.js\" type=\"text\/javascript\" async><\/script><\/p>\n","protected":false},"excerpt":{"rendered":"<p>3. POL\u00cdTICA DE COOKIES DE TRANSPORTS MIR, S.A. 3.1. \u00bfQu\u00e9 son las cookies?, Definici\u00f3n Una cookie es un fichero que se descarga en su equipo (por ejemplo, un ordenador, un tel\u00e9fono m\u00f3vil o una Tablet) al acceder a determinadas p\u00e1ginas web. Las cookies permiten a una p\u00e1gina web, entre otras cosas, almacenar y recuperar informaci\u00f3n<\/p>\n","protected":false},"author":5,"featured_media":0,"parent":0,"menu_order":0,"comment_status":"closed","ping_status":"closed","template":"","meta":{"footnotes":""},"class_list":["post-13557","page","type-page","status-publish","hentry"],"_links":{"self":[{"href":"https:\/\/www.autocarsmir.com\/es\/wp-json\/wp\/v2\/pages\/13557","targetHints":{"allow":["GET"]}}],"collection":[{"href":"https:\/\/www.autocarsmir.com\/es\/wp-json\/wp\/v2\/pages"}],"about":[{"href":"https:\/\/www.autocarsmir.com\/es\/wp-json\/wp\/v2\/types\/page"}],"author":[{"embeddable":true,"href":"https:\/\/www.autocarsmir.com\/es\/wp-json\/wp\/v2\/users\/5"}],"replies":[{"embeddable":true,"href":"https:\/\/www.autocarsmir.com\/es\/wp-json\/wp\/v2\/comments?post=13557"}],"version-history":[{"count":3,"href":"https:\/\/www.autocarsmir.com\/es\/wp-json\/wp\/v2\/pages\/13557\/revisions"}],"predecessor-version":[{"id":13561,"href":"https:\/\/www.autocarsmir.com\/es\/wp-json\/wp\/v2\/pages\/13557\/revisions\/13561"}],"wp:attachment":[{"href":"https:\/\/www.autocarsmir.com\/es\/wp-json\/wp\/v2\/media?parent=13557"}],"curies":[{"name":"wp","href":"https:\/\/api.w.org\/{rel}","templated":true}]}}