{"id":13552,"date":"2021-03-22T17:41:36","date_gmt":"2021-03-22T17:41:36","guid":{"rendered":"https:\/\/www.autocarsmir.com\/?page_id=13552"},"modified":"2021-08-06T10:26:46","modified_gmt":"2021-08-06T10:26:46","slug":"politica-de-privacidad","status":"publish","type":"page","link":"https:\/\/www.autocarsmir.com\/es\/politica-de-privacidad\/","title":{"rendered":"Pol\u00edtica de privacidad"},"content":{"rendered":"<p><strong>2. POL\u00cdTICA DE PROTECCI\u00d3N DE DATOS TRANSPORTS MIR, S.A.<\/strong><\/p>\n<p><strong>2.1. Introducci\u00f3n<\/strong><br \/>\nEl derecho a la intimidad, y en concreto el derecho a la protecci\u00f3n de datos personales es uno de los valores de Transports Mir, S.A.<br \/>\nEl objetivo de esta pol\u00edtica es explicarle como Transports Mir, S.A. tratar\u00e1 aquellos datos personales que puedan ser recabados por Transports Mir, S.A. Sus datos personales ser\u00e1n tratados de forma confidencial y solo para aquellas finalidades que usted haya consentido, tal y como se explica a continuaci\u00f3n en el presente documento.<\/p>\n<p><strong>2.2. Compromiso con la Privacidad<\/strong><br \/>\nTransports Mir, S.A. est\u00e1 plenamente comprometida con el cumplimiento de la normativa vigente en cada momento, el Reglamento General de Protecci\u00f3n de Datos de la Uni\u00f3n Europea 679\/2.016, as\u00ed como, Ley Org\u00e1nica 3\/2.018 relativa a la protecci\u00f3n de datos de car\u00e1cter personal y derechos digitales.<br \/>\nPor ello, la Entidad ha tomado la determinaci\u00f3n de implementar los siguientes principios, siendo la privacidad la base en la que se configuran todos los tratamientos:<\/p>\n<ul>\n<li>La transparencia en el tratamiento de datos es una de nuestras prioridades.<\/li>\n<li>Siempre trataremos los datos que sean estrictamente necesarios para llevar a cabo el tratamiento informado.<\/li>\n<li>Trataremos los datos personales que sean estrictamente necesarios para el cumplimiento de las obligaciones y el ejercicio de derechos espec\u00edficos en el \u00e1mbito del Derecho laboral y de la seguridad y protecci\u00f3n social. Finalmente, podremos tratar los datos si disponemos de su consentimiento expl\u00edcito para determinados servicios.<\/li>\n<li>Se compartir\u00e1n los datos con aquellos proveedores que nos presten un servicio y act\u00faen como encargados de tratamiento, o con aquellos que, previamente, le hayamos informado y nos haya prestado su consentimiento.<\/li>\n<\/ul>\n<p><strong>2.3. Finalidades de los tratamientos<\/strong><br \/>\nTransports Mir, S.A. recaba sus datos personales para poder gestionar sus solicitudes y ofrecerle los servicios que usted pueda necesitar. En concreto tratamos sus datos personales con las siguientes finalidades:<br \/>\n&#8211; Para ofrecerle acceso a los espacios restringidos de nuestra p\u00e1gina web.<\/p>\n<ul>\n<li>En relaci\u00f3n a las empresas asociadas, dar cumplimiento a las obligaciones contenidas en el convenio de asociaci\u00f3n<\/li>\n<li>Sirvan de base de presentaci\u00f3n en caso de una reclamaci\u00f3n en virtud de los servicios objeto.<\/li>\n<li>Poder atender a sus consultas, preguntas o solicitudes realizadas a trav\u00e9s de los canales de atenci\u00f3n o comunicaci\u00f3n corporativos y ponernos en contacto con Usted para solucionarlas.<\/li>\n<li>Para mejorar nuestras p\u00e1ginas web, servicios, productos, y ofrecer un mejor servicio y contenido.<\/li>\n<\/ul>\n<p>El Titular garantiza el cumplimiento de lo dispuesto en la Ley Org\u00e1nica de Protecci\u00f3n de Datos y Garant\u00eda de Derechos Digitales 3\/2.018 de 5 de diciembre de 2018 relativo a la protecci\u00f3n de las personas f\u00edsicas en lo que respecta al tratamiento de datos personales y a la libre circulaci\u00f3n de estos datos.<br \/>\nCuando le sean solicitados datos personales a trav\u00e9s del presente sitio web, el Usuario los incorporar\u00e1 voluntariamente, y ser\u00e1 debidamente informado de la identidad del solicitante, las finalidades de la solicitud, legitimaci\u00f3n para el tratamiento de los datos, as\u00ed como de la posibilidad y procedimiento para ejercer sus derechos conforme a lo dispuesto en la citada Ley Org\u00e1nica de PD y GDD 3\/2.018.<br \/>\nEl Usuario garantiza que los datos personales facilitados son veraces y se hace responsable de comunicar a Transports Mir, S.A. cualquier modificaci\u00f3n de los mismos con el objetivo de mantener los datos actualizados. Transports Mir, S.A. se reserva el derecho a excluir de los servicios a todo Usuario que haya facilitado datos falsos, sin perjuicio de las dem\u00e1s acciones que procedan en Derecho.<br \/>\nLa cumplimentaci\u00f3n de todos los datos solicitados es necesaria para lograr el \u00e9xito de los servicios puestos a disposici\u00f3n del usuario en el presente sitio web. De no facilitarse todos los datos o ser \u00e9stos inexactos, Transports Mir, S.A. no garantiza que los servicios puedan prestarse correctamente o se ajusten a las necesidades del Usuario.<br \/>\nTransports Mir, S.A. se compromete a recabar los datos que sean estrictamente necesarios para llevar a cabo el servicio demandado por el Usuario en cada caso, sin los cuales no ser\u00eda posible gestionar la prestaci\u00f3n. Asimismo Transports Mir, S.A. se compromete a cumplir con el deber de secreto y confidencialidad respecto de los datos personales proporcionados por el Usuario de acuerdo con la legislaci\u00f3n aplicable.<br \/>\nSi tiene alguna pregunta sobre nuestra Pol\u00edtica de Privacidad, rogamos se ponga en contacto con nosotros enviando un correo electr\u00f3nico a info@autocarsmir.com.<\/p>\n<p><strong>2.4. Duraci\u00f3n del tratamiento y plazo de conservaci\u00f3n<\/strong><br \/>\nEn Transports Mir, S.A. tenemos el compromiso de tratar los datos personales mientras respondan a las finalidades anteriormente se\u00f1aladas y podamos ofrecerle un servicio de calidad mediante su tratamiento.<\/p>\n<p>Por ello, realizaremos todos los esfuerzos oportunos y razonables para minimizar el plazo de tratamiento y conservaci\u00f3n de los datos personales, todo ello sin menoscabo de las obligaciones legales.<br \/>\nEn cualquier caso, y aunque nos solicite que eliminemos sus datos, podremos conservarlos y mantenerlos, bajo el debido bloqueo, durante el plazo necesario para cumplir con nuestras obligaciones legales y para su puesta a disposici\u00f3n de las Autoridades con competencia en las distintas materias que sean de aplicaci\u00f3n.<\/p>\n<p><strong>2.5. Ejercicio de derechos y reclamaciones ante la AEPD<\/strong><br \/>\nLe informamos que puede ejercer sus derechos de acceso, rectificaci\u00f3n, supresi\u00f3n, limitaci\u00f3n, oposici\u00f3n y\/o portabilidad dirigi\u00e9ndose al correo electr\u00f3nico info@autocarsmir.com o bien por correo a la siguiente direcci\u00f3n: Pol. Ind. Mas d\u2019en Bosch \u2013 C\/Esteve Bover 1, 17500 Ripoll (Girona)<br \/>\nTiene derecho a presentar una reclamaci\u00f3n ante la Agencia Espa\u00f1ola de Protecci\u00f3n de Datos (AEPD), a trav\u00e9s de su p\u00e1gina web: www.aepd.es<\/p>\n<p><strong>2.6. Confidencialidad y Seguridad en el tratamiento de datos<\/strong><br \/>\nSus datos personales son muy importantes para nosotros, y nos comprometemos a tratarlos con la m\u00e1xima confidencialidad y discreci\u00f3n, as\u00ed como a implementar todas las medidas de seguridad que consideremos oportunas y razonables.<br \/>\nEn este sentido, Transports Mir, S.A. declara y garantiza que ha establecido todos los medios t\u00e9cnicos a su alcance para evitar la p\u00e9rdida, mal uso, alteraci\u00f3n, acceso no autorizado y robo de los datos facilitados por los usuarios.<\/p>\n<p><strong>2.7. Redes sociales (en caso de existir)<\/strong><br \/>\nLas Redes Sociales forman parte del d\u00eda a d\u00eda de muchos usuarios de Internet, y para ellos hemos creado distintos perfiles en Transports Mir, S.A.<br \/>\nTodos los usuarios tienen la oportunidad de unirse a las p\u00e1ginas o grupos que Transports Mir, S.A. tenga en distintas redes sociales.<br \/>\nSin embargo, debe tener en cuenta que, salvo que le solicitemos sus datos directamente, sus datos pertenecer\u00e1n a la Red Social correspondiente, por lo que le recomendamos que lea detenidamente sus condiciones de uso y pol\u00edticas de privacidad, as\u00ed como se asegure de configurar sus preferencias en cuanto al tratamiento de los datos.<\/p>\n","protected":false},"excerpt":{"rendered":"<p>2. POL\u00cdTICA DE PROTECCI\u00d3N DE DATOS TRANSPORTS MIR, S.A. 2.1. Introducci\u00f3n El derecho a la intimidad, y en concreto el derecho a la protecci\u00f3n de datos personales es uno de los valores de Transports Mir, S.A. El objetivo de esta pol\u00edtica es explicarle como Transports Mir, S.A. tratar\u00e1 aquellos datos personales que puedan ser recabados<\/p>\n","protected":false},"author":5,"featured_media":0,"parent":0,"menu_order":0,"comment_status":"closed","ping_status":"closed","template":"","meta":{"footnotes":""},"class_list":["post-13552","page","type-page","status-publish","hentry"],"_links":{"self":[{"href":"https:\/\/www.autocarsmir.com\/es\/wp-json\/wp\/v2\/pages\/13552","targetHints":{"allow":["GET"]}}],"collection":[{"href":"https:\/\/www.autocarsmir.com\/es\/wp-json\/wp\/v2\/pages"}],"about":[{"href":"https:\/\/www.autocarsmir.com\/es\/wp-json\/wp\/v2\/types\/page"}],"author":[{"embeddable":true,"href":"https:\/\/www.autocarsmir.com\/es\/wp-json\/wp\/v2\/users\/5"}],"replies":[{"embeddable":true,"href":"https:\/\/www.autocarsmir.com\/es\/wp-json\/wp\/v2\/comments?post=13552"}],"version-history":[{"count":2,"href":"https:\/\/www.autocarsmir.com\/es\/wp-json\/wp\/v2\/pages\/13552\/revisions"}],"predecessor-version":[{"id":13556,"href":"https:\/\/www.autocarsmir.com\/es\/wp-json\/wp\/v2\/pages\/13552\/revisions\/13556"}],"wp:attachment":[{"href":"https:\/\/www.autocarsmir.com\/es\/wp-json\/wp\/v2\/media?parent=13552"}],"curies":[{"name":"wp","href":"https:\/\/api.w.org\/{rel}","templated":true}]}}