{"id":13259,"date":"2017-01-19T10:25:40","date_gmt":"2017-01-19T10:25:40","guid":{"rendered":"https:\/\/www.autocarsmir.com\/mir-2\/"},"modified":"2024-04-03T06:36:56","modified_gmt":"2024-04-03T06:36:56","slug":"familia-mir","status":"publish","type":"page","link":"https:\/\/www.autocarsmir.com\/es\/familia-mir\/","title":{"rendered":"Quines somos"},"content":{"rendered":"<p><div class=\"fusion-fullwidth fullwidth-box fusion-builder-row-1 fusion-flex-container nonhundred-percent-fullwidth non-hundred-percent-height-scrolling\" style=\"--awb-background-position:left top;--awb-border-sizes-top:0px;--awb-border-sizes-bottom:0px;--awb-border-sizes-left:0px;--awb-border-sizes-right:0px;--awb-border-radius-top-left:0px;--awb-border-radius-top-right:0px;--awb-border-radius-bottom-right:0px;--awb-border-radius-bottom-left:0px;--awb-padding-top:30px;--awb-flex-wrap:wrap;\" ><div class=\"fusion-builder-row fusion-row fusion-flex-align-items-flex-start fusion-flex-content-wrap\" style=\"max-width:1144px;margin-left: calc(-4% \/ 2 );margin-right: calc(-4% \/ 2 );\"><div class=\"fusion-layout-column fusion_builder_column fusion-builder-column-0 fusion_builder_column_1_1 1_1 fusion-flex-column fusion-flex-align-self-flex-start fusion-column-no-min-height\" style=\"--awb-bg-size:cover;--awb-width-large:100%;--awb-margin-top-large:0px;--awb-spacing-right-large:1.92%;--awb-margin-bottom-large:0px;--awb-spacing-left-large:1.92%;--awb-width-medium:100%;--awb-spacing-right-medium:1.92%;--awb-spacing-left-medium:1.92%;--awb-width-small:100%;--awb-spacing-right-small:1.92%;--awb-spacing-left-small:1.92%;\"><div class=\"fusion-column-wrapper fusion-flex-justify-content-flex-start fusion-content-layout-column\"><div class=\"fusion-text fusion-text-1\"><h1 style=\"text-align: center; margin-top: +10px;\"><\/h1>\n<h1 style=\"text-align: center; font-size: 40px; line-height: 20px;\"><strong>AUTOCARES MIR<\/strong><\/h1>\n<h1 style=\"text-align: center; font-size: 25px; line-height: 20px;\"><span id=\"result_box\" class=\"\" lang=\"es\"><span class=\"\">Una<\/span> empresa familiar dedicada al transporte de viajeros<span class=\"\">!<\/span><\/span><br \/>\n<b> <\/b><\/h1>\n<\/div><div class=\"fusion-separator fusion-full-width-sep\" style=\"align-self: center;margin-left: auto;margin-right: auto;margin-top:30px;margin-bottom:10px;width:100%;\"><\/div><\/div><\/div><div class=\"fusion-layout-column fusion_builder_column fusion-builder-column-1 fusion_builder_column_1_2 1_2 fusion-flex-column\" style=\"--awb-bg-size:cover;--awb-width-large:50%;--awb-margin-top-large:0px;--awb-spacing-right-large:3.84%;--awb-margin-bottom-large:20px;--awb-spacing-left-large:3.84%;--awb-width-medium:50%;--awb-spacing-right-medium:3.84%;--awb-spacing-left-medium:3.84%;--awb-width-small:100%;--awb-spacing-right-small:1.92%;--awb-spacing-left-small:1.92%;\"><div class=\"fusion-column-wrapper fusion-flex-justify-content-flex-start fusion-content-layout-column\"><div class=\"fusion-text fusion-text-2\"><p><span id=\"result_box\" class=\"\" lang=\"es\"><span class=\"\">Autocares<\/span> Mir es una empresa familiar dedicada al transporte de viajeros por carretera <span class=\"\">operativa<\/span> desde hace m\u00e1s de un siglo. Nuestra compa\u00f1\u00eda se caracteriza por ofrecer un <span class=\"\">servicio integral<\/span> a nuestros clientes basado en la calidad de nuestros autocares, en <span class=\"\">la profesionalidad<\/span> de nuestro personal y en la excelencia de nuestro sistema de trabajo.<\/span><\/p>\n<p><span class=\"\">La compa\u00f1\u00eda de autocares<\/span> Mir dispone de una flota de veh\u00edculos joven y moderna, cuyos veh\u00edculos, <span class=\"\">est\u00e1n<\/span> <span class=\"\">equipados<\/span> con los sistemas de confort, seguridad y de navegaci\u00f3n de \u00faltima generaci\u00f3n y <span class=\"\">cumplen<\/span> ampliamente con las normativas medioambientales europeas vigentes. <span class=\"\">Contamos con un<\/span> <span class=\"\">equipo<\/span> de conductores profesionales expertos en conocimiento de rutas <span class=\"\">a nivel nacional<\/span> y <span class=\"\">europeo<\/span> y formatos para mantener una actitud pro-<span class=\"\">activa,<\/span> <span class=\"\">personalizada<\/span> <span class=\"\">y comprometida<\/span> <span class=\"\">con los clientes<\/span>.<\/p>\n<\/div><\/div><\/div><div class=\"fusion-layout-column fusion_builder_column fusion-builder-column-2 fusion_builder_column_1_2 1_2 fusion-flex-column\" style=\"--awb-bg-size:cover;--awb-width-large:50%;--awb-margin-top-large:0px;--awb-spacing-right-large:3.84%;--awb-margin-bottom-large:20px;--awb-spacing-left-large:3.84%;--awb-width-medium:50%;--awb-spacing-right-medium:3.84%;--awb-spacing-left-medium:3.84%;--awb-width-small:100%;--awb-spacing-right-small:1.92%;--awb-spacing-left-small:1.92%;\"><div class=\"fusion-column-wrapper fusion-flex-justify-content-flex-start fusion-content-layout-column\"><div class=\"fusion-text fusion-text-3\"><p><span id=\"result_box\" class=\"\" lang=\"es\">Nuestro sistema de trabajo se basa en una gesti\u00f3n eficiente y productiva de nuestros recursos, con la supervisi\u00f3n integral de nuestros veh\u00edculos y con la colaboraci\u00f3n humana de nuestros clientes.<\/span><\/p>\n<p>En la actualidad, <span class=\"\">Autocares<\/span> Mir est\u00e1 certificada con la <span style=\"color: #0000ff;\"><a style=\"color: #0000ff;\" href=\"https:\/\/www.autocarsmir.com\/wp-content\/uploads\/2022\/01\/3.00.21008_Main_ES.pdf\" target=\"_blank\" rel=\"noopener\">ISO 14001<\/a><\/span> y <span style=\"color: #0000ff;\"><a style=\"color: #0000ff;\" href=\"https:\/\/www.autocarsmir.com\/wp-content\/uploads\/2024\/04\/Certificado-UNE-EN-138162003-MIR.pdf\" target=\"_blank\" rel=\"noopener\">EN 13816<\/a><\/span>\u00a0y forma parte de un programa <span class=\"\">de implementaci\u00f3n<\/span> <span class=\"\">de un sistema<\/span> de gesti\u00f3n integral basado en la mejora continua de muchos aspectos <span class=\"\">y funciones<\/span> <span class=\"\">que afectan<\/span> a la organizaci\u00f3n. Autocares Mir trabaja en\u00e9rgicamente para contribuir a <span class=\"\">satisfacer las expectativas<\/span> creadas por nuestros clientes en nuestros servicios y en mantenerse como <span class=\"\">una empresa<\/span> <span class=\"\">referente<\/span> en el sector del transporte de viajeros por carretera.<\/p>\n<\/div><div class=\"fusion-image-element \" style=\"--awb-max-width:200px;--awb-caption-title-font-family:var(--h2_typography-font-family);--awb-caption-title-font-weight:var(--h2_typography-font-weight);--awb-caption-title-font-style:var(--h2_typography-font-style);--awb-caption-title-size:var(--h2_typography-font-size);--awb-caption-title-transform:var(--h2_typography-text-transform);--awb-caption-title-line-height:var(--h2_typography-line-height);--awb-caption-title-letter-spacing:var(--h2_typography-letter-spacing);\"><span class=\" fusion-imageframe imageframe-none imageframe-1 hover-type-none\"><img decoding=\"async\" width=\"717\" height=\"363\" title=\"TR-Testmark_9105028828_ES\" src=\"https:\/\/www.autocarsmir.com\/wp-content\/uploads\/2022\/01\/TR-Testmark_9105028828_ES.jpg\" alt class=\"img-responsive wp-image-13711\" srcset=\"https:\/\/www.autocarsmir.com\/wp-content\/uploads\/2022\/01\/TR-Testmark_9105028828_ES-200x101.jpg 200w, https:\/\/www.autocarsmir.com\/wp-content\/uploads\/2022\/01\/TR-Testmark_9105028828_ES-400x203.jpg 400w, https:\/\/www.autocarsmir.com\/wp-content\/uploads\/2022\/01\/TR-Testmark_9105028828_ES-600x304.jpg 600w, https:\/\/www.autocarsmir.com\/wp-content\/uploads\/2022\/01\/TR-Testmark_9105028828_ES.jpg 717w\" sizes=\"(max-width: 640px) 100vw, 600px\" \/><\/span><\/div><\/div><\/div><\/div><\/div><div class=\"fusion-fullwidth fullwidth-box fusion-builder-row-2 fusion-flex-container hundred-percent-fullwidth non-hundred-percent-height-scrolling\" style=\"--awb-border-sizes-top:0px;--awb-border-sizes-bottom:0px;--awb-border-sizes-left:0px;--awb-border-sizes-right:0px;--awb-border-radius-top-left:0px;--awb-border-radius-top-right:0px;--awb-border-radius-bottom-right:0px;--awb-border-radius-bottom-left:0px;--awb-padding-right:0px;--awb-padding-bottom:0px;--awb-padding-left:0px;--awb-flex-wrap:wrap;\" ><div class=\"fusion-builder-row fusion-row fusion-flex-align-items-flex-start fusion-flex-content-wrap\" style=\"width:104% !important;max-width:104% !important;margin-left: calc(-4% \/ 2 );margin-right: calc(-4% \/ 2 );\"><div class=\"fusion-layout-column fusion_builder_column fusion-builder-column-3 fusion_builder_column_1_1 1_1 fusion-flex-column\" style=\"--awb-bg-size:cover;--awb-width-large:100%;--awb-margin-top-large:0px;--awb-spacing-right-large:1.92%;--awb-margin-bottom-large:20px;--awb-spacing-left-large:1.92%;--awb-width-medium:100%;--awb-order-medium:0;--awb-spacing-right-medium:1.92%;--awb-spacing-left-medium:1.92%;--awb-width-small:100%;--awb-order-small:0;--awb-spacing-right-small:1.92%;--awb-spacing-left-small:1.92%;\"><div class=\"fusion-column-wrapper fusion-column-has-shadow fusion-flex-justify-content-flex-start fusion-content-layout-column\"><div class=\"fusion-image-element \" style=\"--awb-margin-right:0px;--awb-margin-left:0px;--awb-caption-title-font-family:var(--h2_typography-font-family);--awb-caption-title-font-weight:var(--h2_typography-font-weight);--awb-caption-title-font-style:var(--h2_typography-font-style);--awb-caption-title-size:var(--h2_typography-font-size);--awb-caption-title-transform:var(--h2_typography-text-transform);--awb-caption-title-line-height:var(--h2_typography-line-height);--awb-caption-title-letter-spacing:var(--h2_typography-letter-spacing);\"><span class=\" fusion-imageframe imageframe-none imageframe-2 hover-type-none\"><img decoding=\"async\" width=\"1900\" height=\"866\" title=\"flotaAUTOCARSMIR2021\" src=\"https:\/\/www.autocarsmir.com\/wp-content\/uploads\/2021\/09\/flotaAUTOCARSMIR2021.jpg\" alt class=\"img-responsive wp-image-13674\" srcset=\"https:\/\/www.autocarsmir.com\/wp-content\/uploads\/2021\/09\/flotaAUTOCARSMIR2021-200x91.jpg 200w, https:\/\/www.autocarsmir.com\/wp-content\/uploads\/2021\/09\/flotaAUTOCARSMIR2021-400x182.jpg 400w, https:\/\/www.autocarsmir.com\/wp-content\/uploads\/2021\/09\/flotaAUTOCARSMIR2021-600x273.jpg 600w, https:\/\/www.autocarsmir.com\/wp-content\/uploads\/2021\/09\/flotaAUTOCARSMIR2021-800x365.jpg 800w, https:\/\/www.autocarsmir.com\/wp-content\/uploads\/2021\/09\/flotaAUTOCARSMIR2021-1200x547.jpg 1200w, https:\/\/www.autocarsmir.com\/wp-content\/uploads\/2021\/09\/flotaAUTOCARSMIR2021.jpg 1900w\" sizes=\"(max-width: 640px) 100vw, 1200px\" \/><\/span><\/div><\/div><\/div><\/div><\/div><\/p>\n","protected":false},"excerpt":{"rendered":"","protected":false},"author":5,"featured_media":0,"parent":0,"menu_order":0,"comment_status":"open","ping_status":"closed","template":"100-width.php","meta":{"footnotes":""},"class_list":["post-13259","page","type-page","status-publish","hentry"],"_links":{"self":[{"href":"https:\/\/www.autocarsmir.com\/es\/wp-json\/wp\/v2\/pages\/13259","targetHints":{"allow":["GET"]}}],"collection":[{"href":"https:\/\/www.autocarsmir.com\/es\/wp-json\/wp\/v2\/pages"}],"about":[{"href":"https:\/\/www.autocarsmir.com\/es\/wp-json\/wp\/v2\/types\/page"}],"author":[{"embeddable":true,"href":"https:\/\/www.autocarsmir.com\/es\/wp-json\/wp\/v2\/users\/5"}],"replies":[{"embeddable":true,"href":"https:\/\/www.autocarsmir.com\/es\/wp-json\/wp\/v2\/comments?post=13259"}],"version-history":[{"count":7,"href":"https:\/\/www.autocarsmir.com\/es\/wp-json\/wp\/v2\/pages\/13259\/revisions"}],"predecessor-version":[{"id":13274,"href":"https:\/\/www.autocarsmir.com\/es\/wp-json\/wp\/v2\/pages\/13259\/revisions\/13274"}],"wp:attachment":[{"href":"https:\/\/www.autocarsmir.com\/es\/wp-json\/wp\/v2\/media?parent=13259"}],"curies":[{"name":"wp","href":"https:\/\/api.w.org\/{rel}","templated":true}]}}