{"id":13254,"date":"2012-07-31T02:06:57","date_gmt":"2012-07-31T02:06:57","guid":{"rendered":"https:\/\/www.autocarsmir.com\/benvinguts-2\/"},"modified":"2026-03-04T12:00:45","modified_gmt":"2026-03-04T12:00:45","slug":"benvinguts","status":"publish","type":"page","link":"https:\/\/www.autocarsmir.com\/es\/","title":{"rendered":"Autocares Mir de Ripoll"},"content":{"rendered":"<p><div class=\"fusion-fullwidth fullwidth-box fusion-builder-row-1 fusion-flex-container nonhundred-percent-fullwidth non-hundred-percent-height-scrolling\" style=\"--awb-background-position:left top;--awb-border-sizes-top:0px;--awb-border-sizes-bottom:0px;--awb-border-sizes-left:0px;--awb-border-sizes-right:0px;--awb-border-radius-top-left:0px;--awb-border-radius-top-right:0px;--awb-border-radius-bottom-right:0px;--awb-border-radius-bottom-left:0px;--awb-padding-top:70px;--awb-padding-right:0px;--awb-padding-bottom:70px;--awb-padding-left:0px;--awb-flex-wrap:wrap;\" ><div class=\"fusion-builder-row fusion-row fusion-flex-align-items-flex-start fusion-flex-content-wrap\" style=\"max-width:calc( 1100px + 0px );margin-left: calc(-0px \/ 2 );margin-right: calc(-0px \/ 2 );\"><div class=\"fusion-layout-column fusion_builder_column fusion-builder-column-0 fusion_builder_column_1_1 1_1 fusion-flex-column\" style=\"--awb-padding-top:20px;--awb-padding-right:20px;--awb-padding-bottom:20px;--awb-padding-left:20px;--awb-bg-size:cover;--awb-border-color:#000000;--awb-border-style:solid;--awb-width-large:100%;--awb-margin-top-large:0px;--awb-spacing-right-large:0px;--awb-margin-bottom-large:20px;--awb-spacing-left-large:0px;--awb-width-medium:100%;--awb-spacing-right-medium:0px;--awb-spacing-left-medium:0px;--awb-width-small:100%;--awb-spacing-right-small:0px;--awb-spacing-left-small:0px;\"><div class=\"fusion-column-wrapper fusion-flex-justify-content-flex-start fusion-content-layout-column\"><div class=\"fusion-image-element \" style=\"text-align:center;--awb-margin-bottom:25px;--awb-caption-title-font-family:var(--h2_typography-font-family);--awb-caption-title-font-weight:var(--h2_typography-font-weight);--awb-caption-title-font-style:var(--h2_typography-font-style);--awb-caption-title-size:var(--h2_typography-font-size);--awb-caption-title-transform:var(--h2_typography-text-transform);--awb-caption-title-line-height:var(--h2_typography-line-height);--awb-caption-title-letter-spacing:var(--h2_typography-letter-spacing);\"><span class=\" fusion-imageframe imageframe-none imageframe-1 hover-type-none\"><img decoding=\"async\" width=\"152\" height=\"90\" title=\"logopetitgris\" src=\"https:\/\/www.autocarsmir.com\/wp-content\/uploads\/2012\/07\/logopetitgris.png\" alt class=\"img-responsive wp-image-12844\" srcset=\"https:\/\/www.autocarsmir.com\/wp-content\/uploads\/2012\/07\/logopetitgris-150x90.png 150w, https:\/\/www.autocarsmir.com\/wp-content\/uploads\/2012\/07\/logopetitgris.png 152w\" sizes=\"(max-width: 152px) 100vw, 152px\" \/><\/span><\/div><div class=\"fusion-text fusion-text-1\" style=\"--awb-content-alignment:center;--awb-font-size:18px;\"><p><strong>Autocares Mir es una empresa familiar dedicada al transporte de viajeros por carretera operativa desde hace m\u00e1s de un siglo. Nuestra compa\u00f1\u00eda se caracteriza por ofrecer un servicio integral a nuestros clientes basado en la calidad de nuestros autocares, en la profesionalidad de nuestro personal y en la excelencia de nuestro sistema de trabajo.<\/strong><\/p>\n<\/div><\/div><\/div><\/div><\/div><div class=\"fusion-fullwidth fullwidth-box fusion-builder-row-2 fusion-flex-container fusion-parallax-fixed nonhundred-percent-fullwidth non-hundred-percent-height-scrolling\" style=\"--awb-background-position:left top;--awb-border-sizes-top:0px;--awb-border-sizes-bottom:0px;--awb-border-sizes-left:0px;--awb-border-sizes-right:0px;--awb-border-radius-top-left:0px;--awb-border-radius-top-right:0px;--awb-border-radius-bottom-right:0px;--awb-border-radius-bottom-left:0px;--awb-padding-top:150px;--awb-padding-right:50px;--awb-padding-bottom:150px;--awb-padding-left:50px;--awb-background-color:#efefef;--awb-background-image:url(&quot;https:\/\/www.autocarsmir.com\/wp-content\/uploads\/2012\/07\/fons4.png&quot;);--awb-background-size:cover;--awb-flex-wrap:wrap;background-attachment:fixed;\" ><div class=\"fusion-builder-row fusion-row fusion-flex-align-items-flex-start fusion-flex-content-wrap\" style=\"max-width:1144px;margin-left: calc(-4% \/ 2 );margin-right: calc(-4% \/ 2 );\"><div class=\"fusion-layout-column fusion_builder_column fusion-builder-column-1 fusion_builder_column_1_1 1_1 fusion-flex-column\" style=\"--awb-bg-size:cover;--awb-width-large:100%;--awb-margin-top-large:0px;--awb-spacing-right-large:1.92%;--awb-margin-bottom-large:20px;--awb-spacing-left-large:1.92%;--awb-width-medium:100%;--awb-order-medium:0;--awb-spacing-right-medium:1.92%;--awb-spacing-left-medium:1.92%;--awb-width-small:100%;--awb-order-small:0;--awb-spacing-right-small:1.92%;--awb-spacing-left-small:1.92%;\"><div class=\"fusion-column-wrapper fusion-column-has-shadow fusion-flex-justify-content-flex-start fusion-content-layout-column\"><div class=\"fusion-content-boxes content-boxes columns row fusion-columns-3 fusion-columns-total-3 fusion-content-boxes-1 content-boxes-icon-on-top content-left\" style=\"--awb-backgroundcolor:#ffffff;--awb-body-color:#555555;--awb-title-color:#111111;--awb-iconcolor:#ffffff;--awb-hover-accent-color:#ff9451;--awb-circle-hover-accent-color:#ff9451;\" data-animationOffset=\"top-into-view\"><div style=\"--awb-backgroundcolor:#ffffff;--awb-iconcolor:#000000;\" class=\"fusion-column content-box-column content-box-column content-box-column-1 col-lg-4 col-md-4 col-sm-4 fusion-content-box-hover content-box-column-first-in-row\"><div class=\"col content-box-wrapper content-wrapper-background link-area-link-icon link-type-text icon-hover-animation-fade fusion-animated\" data-animationType=\"fadeInDown\" data-animationDuration=\"0.9\" data-animationOffset=\"top-into-view\"><div class=\"heading heading-with-icon icon-left\"><a class=\"heading-link\" href=\"https:\/\/www.autocarsmir.com\/es\/lineas\/\" target=\"_self\"><div class=\"icon\"><i style=\"border-color:#212934;border-width:0px;background-color:#ffffff;box-sizing:content-box;height:112px;width:112px;line-height:112px;border-radius:20%;font-size:56px;\" aria-hidden=\"true\" class=\"fontawesome-icon fa-bus far circle-yes\"><\/i><\/div><h2 class=\"content-box-heading fusion-responsive-typography-calculated\" style=\"--h2_typography-font-size:28px;--fontSize:28;line-height:1.2;\">L\u00ednias<\/h2><\/a><\/div><div class=\"fusion-clearfix\"><\/div><div class=\"content-container\">\n<p>Horaris, destinacions i tarifes de les l\u00ednies urbanes i interurbanes.<\/p>\n<\/div><\/div><\/div><div style=\"--awb-backgroundcolor:#ffffff;--awb-iconcolor:#000000;\" class=\"fusion-column content-box-column content-box-column content-box-column-2 col-lg-4 col-md-4 col-sm-4 fusion-content-box-hover \"><div class=\"col content-box-wrapper content-wrapper-background link-area-link-icon link-type-text icon-hover-animation-fade fusion-animated\" data-animationType=\"fadeInDown\" data-animationDuration=\"0.9\" data-animationOffset=\"top-into-view\"><div class=\"heading heading-with-icon icon-left\"><a class=\"heading-link\" href=\"https:\/\/www.autocarsmir.com\/es\/flota-de-autocares\/\" target=\"_self\"><div class=\"icon\"><i style=\"border-color:#212934;border-width:0px;background-color:#ffffff;box-sizing:content-box;height:112px;width:112px;line-height:112px;border-radius:20%;font-size:56px;\" aria-hidden=\"true\" class=\"fontawesome-icon fa-bus far circle-yes\"><\/i><\/div><h2 class=\"content-box-heading fusion-responsive-typography-calculated\" style=\"--h2_typography-font-size:28px;--fontSize:28;line-height:1.2;\">La Flota<\/h2><\/a><\/div><div class=\"fusion-clearfix\"><\/div><div class=\"content-container\">\n<p>Una flota de veh\u00edculos joven y de \u00faltima generaci\u00f3n!<\/p>\n<\/div><\/div><\/div><div style=\"--awb-backgroundcolor:#ffffff;--awb-iconcolor:#000000;\" class=\"fusion-column content-box-column content-box-column content-box-column-3 col-lg-4 col-md-4 col-sm-4 fusion-content-box-hover content-box-column-last content-box-column-last-in-row\"><div class=\"col content-box-wrapper content-wrapper-background link-area-link-icon link-type-text icon-hover-animation-fade fusion-animated\" data-animationType=\"fadeInDown\" data-animationDuration=\"0.9\" data-animationOffset=\"top-into-view\"><div class=\"heading heading-with-icon icon-left\"><a class=\"heading-link\" href=\"https:\/\/www.autocarsmir.com\/es\/servicios\/\" target=\"_self\"><div class=\"icon\"><i style=\"border-color:#212934;border-width:0px;background-color:#ffffff;box-sizing:content-box;height:112px;width:112px;line-height:112px;border-radius:20%;font-size:56px;\" aria-hidden=\"true\" class=\"fontawesome-icon fa-bus far circle-yes\"><\/i><\/div><h2 class=\"content-box-heading fusion-responsive-typography-calculated\" style=\"--h2_typography-font-size:28px;--fontSize:28;line-height:1.2;\">Servicios<\/h2><\/a><\/div><div class=\"fusion-clearfix\"><\/div><div class=\"content-container\">\n<p>Servicio integral de transporte de viajeros en toda Europa.<\/p>\n<\/div><\/div><\/div><div class=\"fusion-clearfix\"><\/div><\/div><\/div><\/div><\/div><\/div><div class=\"fusion-fullwidth fullwidth-box fusion-builder-row-3 fusion-flex-container fusion-parallax-fixed nonhundred-percent-fullwidth non-hundred-percent-height-scrolling\" style=\"--awb-border-sizes-top:0px;--awb-border-sizes-bottom:0px;--awb-border-sizes-left:0px;--awb-border-sizes-right:0px;--awb-border-radius-top-left:0px;--awb-border-radius-top-right:0px;--awb-border-radius-bottom-right:0px;--awb-border-radius-bottom-left:0px;--awb-padding-top:100px;--awb-padding-right:0px;--awb-padding-bottom:100px;--awb-padding-left:0px;--awb-background-image:url(&quot;https:\/\/www.autocarsmir.com\/wp-content\/uploads\/2012\/07\/fonsantiga.jpg&quot;);--awb-background-size:cover;--awb-flex-wrap:wrap;background-attachment:fixed;\" ><div class=\"fusion-builder-row fusion-row fusion-flex-align-items-flex-start fusion-flex-content-wrap\" style=\"max-width:calc( 1100px + 0px );margin-left: calc(-0px \/ 2 );margin-right: calc(-0px \/ 2 );\"><div class=\"fusion-layout-column fusion_builder_column fusion-builder-column-2 fusion_builder_column_1_1 1_1 fusion-flex-column\" style=\"--awb-padding-top:20px;--awb-padding-right:20px;--awb-padding-bottom:20px;--awb-padding-left:20px;--awb-bg-size:cover;--awb-border-color:#000000;--awb-border-style:solid;--awb-width-large:100%;--awb-margin-top-large:0px;--awb-spacing-right-large:0px;--awb-margin-bottom-large:20px;--awb-spacing-left-large:0px;--awb-width-medium:100%;--awb-spacing-right-medium:0px;--awb-spacing-left-medium:0px;--awb-width-small:100%;--awb-spacing-right-small:0px;--awb-spacing-left-small:0px;\"><div class=\"fusion-column-wrapper fusion-flex-justify-content-flex-start fusion-content-layout-column\"><div class=\"fusion-image-element \" style=\"text-align:center;--awb-caption-title-font-family:var(--h2_typography-font-family);--awb-caption-title-font-weight:var(--h2_typography-font-weight);--awb-caption-title-font-style:var(--h2_typography-font-style);--awb-caption-title-size:var(--h2_typography-font-size);--awb-caption-title-transform:var(--h2_typography-text-transform);--awb-caption-title-line-height:var(--h2_typography-line-height);--awb-caption-title-letter-spacing:var(--h2_typography-letter-spacing);\"><span class=\" fusion-imageframe imageframe-none imageframe-2 hover-type-none\"><img decoding=\"async\" width=\"152\" height=\"90\" title=\"logopetitblanc\" src=\"https:\/\/www.autocarsmir.com\/wp-content\/uploads\/2012\/07\/logopetitblanc.png\" alt class=\"img-responsive wp-image-12865\" srcset=\"https:\/\/www.autocarsmir.com\/wp-content\/uploads\/2012\/07\/logopetitblanc-150x90.png 150w, https:\/\/www.autocarsmir.com\/wp-content\/uploads\/2012\/07\/logopetitblanc.png 152w\" sizes=\"(max-width: 152px) 100vw, 152px\" \/><\/span><\/div><\/div><\/div><div class=\"fusion-layout-column fusion_builder_column fusion-builder-column-3 fusion_builder_column_1_1 1_1 fusion-flex-column\" style=\"--awb-padding-top:20px;--awb-padding-right:10px;--awb-padding-bottom:20px;--awb-padding-left:10px;--awb-bg-color:rgba(0,0,0,0.5);--awb-bg-color-hover:rgba(0,0,0,0.5);--awb-bg-size:cover;--awb-border-color:#000000;--awb-border-style:solid;--awb-width-large:100%;--awb-margin-top-large:0px;--awb-spacing-right-large:0px;--awb-margin-bottom-large:20px;--awb-spacing-left-large:0px;--awb-width-medium:100%;--awb-order-medium:0;--awb-spacing-right-medium:0px;--awb-spacing-left-medium:0px;--awb-width-small:100%;--awb-order-small:0;--awb-spacing-right-small:0px;--awb-spacing-left-small:0px;\" data-scroll-devices=\"small-visibility,medium-visibility,large-visibility\"><div class=\"fusion-column-wrapper fusion-column-has-shadow fusion-flex-justify-content-flex-start fusion-content-layout-column\"><div class=\"fusion-title title fusion-title-1 fusion-title-center fusion-title-text fusion-title-size-three\" style=\"--awb-text-color:var(--awb-color1);--awb-margin-top-small:10px;--awb-margin-right-small:0px;--awb-margin-bottom-small:10px;--awb-margin-left-small:0px;--awb-font-size:32px;\"><div class=\"title-sep-container title-sep-container-left\"><div class=\"title-sep sep- sep-solid\" style=\"border-color:#e0dede;\"><\/div><\/div><span class=\"awb-title-spacer\"><\/span><h3 class=\"fusion-title-heading title-heading-center fusion-responsive-typography-calculated\" style=\"margin:0;font-size:1em;--fontSize:32;line-height:1.3;\"><strong>AUTOCARES MIR, HEREDEROS DE LOS TRAJINANTES DEL SIGLO XIX<\/strong><\/h3><span class=\"awb-title-spacer\"><\/span><div class=\"title-sep-container title-sep-container-right\"><div class=\"title-sep sep- sep-solid\" style=\"border-color:#e0dede;\"><\/div><\/div><\/div><div class=\"fusion-text fusion-text-2\" style=\"--awb-content-alignment:center;--awb-font-size:20px;--awb-line-height:1.2;--awb-text-color:var(--awb-color1);\"><p><strong>La familia Mir comenz\u00f3 el transporte de personas hacia la d\u00e9cada de 1860, cubriendo el servicio entre Vic a Ripoll. As\u00ed, en 1900 el se\u00f1or Felipe Mir y Sirvent dispon\u00eda de un carro y una caballer\u00eda para cubrir esta l\u00ednea. A partir del a\u00f1o 1921, Manuel Mir Prat, mejor\u00f3 sus prestaciones con un \u00f3mnibus Hispano Suiza \u2026<\/strong><\/p>\n<\/div><div style=\"text-align:center;\"><a class=\"fusion-button button-flat button-xlarge button-custom fusion-button-default button-1 fusion-button-default-span fusion-button-default-type\" style=\"--button_accent_color:#828282;--button_border_color:#828282;--button_accent_hover_color:#828282;--button_border_hover_color:#828282;--button_border_width-top:1px;--button_border_width-right:1px;--button_border_width-bottom:1px;--button_border_width-left:1px;--button_gradient_top_color:#ffffff;--button_gradient_bottom_color:#ffffff;--button_gradient_top_color_hover:#ffffff;--button_gradient_bottom_color_hover:#ffffff;\" target=\"_self\" href=\"https:\/\/www.autocarsmir.com\/es\/historia\"><span class=\"fusion-button-text awb-button__text awb-button__text--default\">Saber +<\/span><\/a><\/div><\/div><\/div><\/div><\/div><\/p>\n","protected":false},"excerpt":{"rendered":"","protected":false},"author":5,"featured_media":0,"parent":0,"menu_order":0,"comment_status":"open","ping_status":"closed","template":"100-width.php","meta":{"footnotes":""},"class_list":["post-13254","page","type-page","status-publish","hentry"],"_links":{"self":[{"href":"https:\/\/www.autocarsmir.com\/es\/wp-json\/wp\/v2\/pages\/13254","targetHints":{"allow":["GET"]}}],"collection":[{"href":"https:\/\/www.autocarsmir.com\/es\/wp-json\/wp\/v2\/pages"}],"about":[{"href":"https:\/\/www.autocarsmir.com\/es\/wp-json\/wp\/v2\/types\/page"}],"author":[{"embeddable":true,"href":"https:\/\/www.autocarsmir.com\/es\/wp-json\/wp\/v2\/users\/5"}],"replies":[{"embeddable":true,"href":"https:\/\/www.autocarsmir.com\/es\/wp-json\/wp\/v2\/comments?post=13254"}],"version-history":[{"count":16,"href":"https:\/\/www.autocarsmir.com\/es\/wp-json\/wp\/v2\/pages\/13254\/revisions"}],"predecessor-version":[{"id":14078,"href":"https:\/\/www.autocarsmir.com\/es\/wp-json\/wp\/v2\/pages\/13254\/revisions\/14078"}],"wp:attachment":[{"href":"https:\/\/www.autocarsmir.com\/es\/wp-json\/wp\/v2\/media?parent=13254"}],"curies":[{"name":"wp","href":"https:\/\/api.w.org\/{rel}","templated":true}]}}