{"id":13365,"date":"2017-01-17T11:10:50","date_gmt":"2017-01-17T11:10:50","guid":{"rendered":"https:\/\/www.autocarsmir.com\/historia-2\/"},"modified":"2021-08-06T10:26:47","modified_gmt":"2021-08-06T10:26:47","slug":"history","status":"publish","type":"page","link":"https:\/\/www.autocarsmir.com\/en\/history\/","title":{"rendered":"History"},"content":{"rendered":"<p><div class=\"fusion-fullwidth fullwidth-box fusion-builder-row-1 fusion-flex-container nonhundred-percent-fullwidth non-hundred-percent-height-scrolling\" style=\"--awb-background-position:left top;--awb-border-radius-top-left:0px;--awb-border-radius-top-right:0px;--awb-border-radius-bottom-right:0px;--awb-border-radius-bottom-left:0px;--awb-padding-top:30px;--awb-border-sizes-top:0px;--awb-border-sizes-bottom:0px;--awb-flex-wrap:wrap;\" ><div class=\"fusion-builder-row fusion-row fusion-flex-align-items-flex-start fusion-flex-content-wrap\" style=\"max-width:calc( 1100px + 0px );margin-left: calc(-0px \/ 2 );margin-right: calc(-0px \/ 2 );\"><div class=\"fusion-layout-column fusion_builder_column fusion-builder-column-0 fusion_builder_column_1_1 1_1 fusion-flex-column fusion-flex-align-self-flex-start fusion-column-no-min-height\" style=\"--awb-bg-size:cover;--awb-width-large:100%;--awb-margin-top-large:0px;--awb-spacing-right-large:0px;--awb-margin-bottom-large:0px;--awb-spacing-left-large:0px;--awb-width-medium:100%;--awb-spacing-right-medium:0px;--awb-spacing-left-medium:0px;--awb-width-small:100%;--awb-spacing-right-small:0px;--awb-spacing-left-small:0px;\"><div class=\"fusion-column-wrapper fusion-flex-justify-content-flex-start fusion-content-layout-column\"><div class=\"fusion-text fusion-text-1\"><h1 style=\"text-align: center; margin-top: +10px;\"><\/h1>\n<h1 style=\"text-align: center; font-size: 40px; line-height: 20px;\"><strong>FROM 1900<\/strong><\/h1>\n<h1 style=\"text-align: center; font-size: 25px; line-height: 20px;\">&#8230; <span id=\"result_box\" class=\"short_text\" lang=\"en\"><span class=\"\">It all started with a car and a cavalry in 1865<\/span><\/span><br \/>\n<b> <\/b><\/h1>\n<\/div><div class=\"fusion-separator fusion-full-width-sep\" style=\"align-self: center;margin-left: auto;margin-right: auto;margin-top:50px;margin-bottom:10px;width:100%;\"><\/div><\/div><\/div><\/div><\/div><div class=\"fusion-fullwidth fullwidth-box fusion-builder-row-2 fusion-flex-container hundred-percent-fullwidth non-hundred-percent-height-scrolling\" style=\"--awb-background-position:left top;--awb-border-radius-top-left:0px;--awb-border-radius-top-right:0px;--awb-border-radius-bottom-right:0px;--awb-border-radius-bottom-left:0px;--awb-padding-top:0px;--awb-padding-right:0px;--awb-padding-bottom:0px;--awb-padding-left:0px;--awb-border-sizes-top:0px;--awb-border-sizes-bottom:0px;--awb-flex-wrap:wrap;\" ><div class=\"fusion-builder-row fusion-row fusion-flex-align-items-stretch fusion-flex-content-wrap\" style=\"width:calc( 100% + 0px ) !important;max-width:calc( 100% + 0px ) !important;margin-left: calc(-0px \/ 2 );margin-right: calc(-0px \/ 2 );\"><div class=\"fusion-layout-column fusion_builder_column fusion-builder-column-1 fusion_builder_column_1_1 1_1 fusion-flex-column fusion-flex-align-self-flex-start fusion-column-no-min-height\" style=\"--awb-bg-size:cover;--awb-width-large:100%;--awb-margin-top-large:0px;--awb-spacing-right-large:0px;--awb-margin-bottom-large:0px;--awb-spacing-left-large:0px;--awb-width-medium:100%;--awb-spacing-right-medium:0px;--awb-spacing-left-medium:0px;--awb-width-small:100%;--awb-spacing-right-small:0px;--awb-spacing-left-small:0px;\"><div class=\"fusion-column-wrapper fusion-flex-justify-content-flex-start fusion-content-layout-column\"><div class=\"fusion-image-carousel fusion-image-carousel-fixed fusion-image-carousel-1\"><div class=\"awb-carousel awb-swiper awb-swiper-carousel awb-carousel--carousel awb-swiper-dots-position-bottom\" data-layout=\"carousel\" data-autoplay=\"no\" data-autoplayspeed=\"2500\" data-autoplaypause=\"no\" data-columns=\"5\" data-columnsmedium=\"1\" data-columnssmall=\"1\" data-itemmargin=\"5\" data-itemwidth=\"180\" data-touchscroll=\"no\" data-freemode=\"no\" data-imagesize=\"fixed\" data-scrollitems=\"0\" data-centeredslides=\"no\" data-rotationangle=\"50\" data-depth=\"100\" data-speed=\"500\" data-shadow=\"no\" data-pagination=\"bullets\" style=\"--awb-column-spacing:5px;\"><div class=\"swiper-wrapper awb-image-carousel-wrapper fusion-flex-align-items-center\"><div class=\"swiper-slide\"><div class=\"fusion-carousel-item-wrapper\"><div class=\"fusion-image-wrapper hover-type-none\"><img decoding=\"async\" width=\"200\" height=\"120\" src=\"https:\/\/www.autocarsmir.com\/wp-content\/uploads\/2017\/01\/F00ant.jpg\" class=\"attachment-blog-medium size-blog-medium\" alt=\"\" \/><\/div><\/div><\/div><div class=\"swiper-slide\"><div class=\"fusion-carousel-item-wrapper\"><div class=\"fusion-image-wrapper hover-type-none\"><img decoding=\"async\" width=\"200\" height=\"120\" src=\"https:\/\/www.autocarsmir.com\/wp-content\/uploads\/2017\/01\/Fant.jpg\" class=\"attachment-blog-medium size-blog-medium\" alt=\"\" \/><\/div><\/div><\/div><div class=\"swiper-slide\"><div class=\"fusion-carousel-item-wrapper\"><div class=\"fusion-image-wrapper hover-type-none\"><img decoding=\"async\" width=\"200\" height=\"120\" src=\"https:\/\/www.autocarsmir.com\/wp-content\/uploads\/2017\/01\/Fant1.jpg\" class=\"attachment-blog-medium size-blog-medium\" alt=\"\" \/><\/div><\/div><\/div><div class=\"swiper-slide\"><div class=\"fusion-carousel-item-wrapper\"><div class=\"fusion-image-wrapper hover-type-none\"><img decoding=\"async\" width=\"200\" height=\"120\" src=\"https:\/\/www.autocarsmir.com\/wp-content\/uploads\/2017\/01\/Fant2.jpg\" class=\"attachment-blog-medium size-blog-medium\" alt=\"\" \/><\/div><\/div><\/div><div class=\"swiper-slide\"><div class=\"fusion-carousel-item-wrapper\"><div class=\"fusion-image-wrapper hover-type-none\"><img decoding=\"async\" width=\"200\" height=\"120\" src=\"https:\/\/www.autocarsmir.com\/wp-content\/uploads\/2017\/01\/Fant3.jpg\" class=\"attachment-blog-medium size-blog-medium\" alt=\"\" \/><\/div><\/div><\/div><\/div><div class=\"awb-swiper-button awb-swiper-button-prev\"><i class=\"awb-icon-angle-left\" aria-hidden=\"true\"><\/i><\/div><div class=\"awb-swiper-button awb-swiper-button-next\"><i class=\"awb-icon-angle-right\" aria-hidden=\"true\"><\/i><\/div><\/div><\/div><\/div><\/div><\/div><\/div><div class=\"fusion-fullwidth fullwidth-box fusion-builder-row-3 fusion-flex-container nonhundred-percent-fullwidth non-hundred-percent-height-scrolling\" style=\"--awb-background-position:left top;--awb-border-radius-top-left:0px;--awb-border-radius-top-right:0px;--awb-border-radius-bottom-right:0px;--awb-border-radius-bottom-left:0px;--awb-padding-top:40px;--awb-padding-right:0px;--awb-padding-bottom:20px;--awb-padding-left:0px;--awb-background-color:#ededed;--awb-border-sizes-top:0px;--awb-border-sizes-bottom:0px;--awb-flex-wrap:wrap;\" ><div class=\"fusion-builder-row fusion-row fusion-flex-align-items-flex-start fusion-flex-content-wrap\" style=\"max-width:1144px;margin-left: calc(-4% \/ 2 );margin-right: calc(-4% \/ 2 );\"><div class=\"fusion-layout-column fusion_builder_column fusion-builder-column-2 fusion_builder_column_1_2 1_2 fusion-flex-column\" style=\"--awb-bg-size:cover;--awb-width-large:50%;--awb-margin-top-large:0px;--awb-spacing-right-large:3.84%;--awb-margin-bottom-large:20px;--awb-spacing-left-large:3.84%;--awb-width-medium:50%;--awb-spacing-right-medium:3.84%;--awb-spacing-left-medium:3.84%;--awb-width-small:100%;--awb-spacing-right-small:1.92%;--awb-spacing-left-small:1.92%;\"><div class=\"fusion-column-wrapper fusion-flex-justify-content-flex-start fusion-content-layout-column\"><div class=\"fusion-text fusion-text-2\"><p>Una de les not\u00edcies m\u00e9s importants i amb m\u00e9s trascend\u00e8ncia que remarquem de la comarca del Ripoll\u00e8s, \u00e9s un important document denominat &#8220;Llibre de ruta&#8221; que, segons les disposicions de l&#8217;\u00e8poca sobre legislaci\u00f3 en carretera, les dilig\u00e8ncies havien de portar.<\/p>\n<p>Aquest document corresponia a l&#8217;empresa denominada Fam\u00edlia SIRVENT que feia el servei entre Ripoll i Vic el 1865. Deduim que aquesta familia tenia relaci\u00f3 amb l&#8217;exist\u00e8ncia actual d&#8217;AUTOCARS MIR S.A, ja que l&#8217;any 1900 es va trobar un document on hi figurava un carro i una cavalleria a nom de FELIP MIR SIRVENT.<\/p>\n<p>One of the most important and far-reaching news in the Ripoll\u00e8s area has to do with an important document called \u201cBook of route\u201d, which the stagecoaches had to carry along, according to the laws of that time.<br \/>\nThis document belonged to the SIRVENT company, which covered the route between Ripoll and Vic in 1865. It can be deduced that this family had some relationship with the present ATOCARS MIR S.A., since in 1990 a document was found which showed a carriage and horses labelled FELIP MIR SIRVENT.<\/p>\n<p>The first piece of evidence for the real existence of transporters Mir in Ripoll is from 1990 with the certificate of a carriage and horses owned by Felip Mir i Sirvent, Peixateria Street, 3. In 1917 Felip Mir i Sirvent retires with a carriage and a horse. From this onwards, we go back to 1921, when Manel Mir i Prat, son of Felip Mir, registers a Hispan-Suiza, GE of 15 to 20 horsepower and with engine number 4247, 18 seats, and Lancia (GE.467) of a 25 to 35 horsepower, and with the engine number 52278.<\/p>\n<p>At that time, the Mir company had the route Ripoll-Puigcerd\u00e0 and they were also responsible for the collection of rubbish and the transport of meat to the local slaughterhouse. Between 1922 and 1923, a statistical survey about carriages and transporters and of that time shows only four-wheel cars. There is no evidence for the name of the owners within a six year period. Between 1912 and 1925 Manel Mir i Prat, under the name of Transportes Garaje Ripoll\u00e8s covered the route from Ripoll, La Pobla to Solsona.<\/p>\n<p>From 1926 to 1928 Manel Mir i Prat, apart from the route Ripoll-Pobla de Lillet, got the folowing:<br \/>\n&#8211; Ripoll-Sant Joan de les Abadesses and Camprodon.<br \/>\n&#8211; Ripoll \u2013 Berga.<br \/>\n&#8211; Ripoll- Ribes de Freser.<\/p>\n<p>In the past the route Camprodon-Ripoll was held by a transporter from Camprodon called G\u00fcell. In 1929, and as a result of a central administrative law, exclusive routes arise (only for a transporter). As a consequence, the service Ripoll-Camprodon is no longer held by the Mir family, who keep only the line Ripoll-Pobla de Lillet (and Ribes de Freser). The family company was placed in Pl. Llupions, 8.<\/p>\n<\/div><\/div><\/div><div class=\"fusion-layout-column fusion_builder_column fusion-builder-column-3 fusion_builder_column_1_2 1_2 fusion-flex-column\" style=\"--awb-bg-size:cover;--awb-width-large:50%;--awb-margin-top-large:0px;--awb-spacing-right-large:3.84%;--awb-margin-bottom-large:20px;--awb-spacing-left-large:3.84%;--awb-width-medium:50%;--awb-spacing-right-medium:3.84%;--awb-spacing-left-medium:3.84%;--awb-width-small:100%;--awb-spacing-right-small:1.92%;--awb-spacing-left-small:1.92%;\"><div class=\"fusion-column-wrapper fusion-flex-justify-content-flex-start fusion-content-layout-column\"><div class=\"fusion-text fusion-text-3\"><p>From 1930, the new owner is Felip Mir i Sardenyons. In July 1936, with the beginning of the Civil War, all lorries and vehicles were confiscated by the local revolutionary comittee and the Local Comittee of Transports was created. Different coaches were lost at the front, and others during the fights between the Red and the Nationals. Once the war was over only two vehicles could be recuperated: a Ford (GE-4493) which the Red threw down a precipice, and which had to be dismantled in order to be brought back to Ripoll and a Chevrolet (B-66119) which was found in Sant Sebastian, Biscaia, and was brought back to Ripoll. The latter, so that the Red could not find it, was hidden in Montagut Hotel (Ribes de Freser) by Felip Mir i Sardenyons. The wheels were hidden in another place, and the rest was covered with straw and kept in a garage of the mentioned hotel. The Red found it and went for the search of Felip Mir, who told them where the wheels were hidden. Finally, this coach after the Red withdrew, was found in Sant Sebastian, with a hole at the rear, result of a bomb. It was rebuilt in Ripoll later on.<\/p>\n<p>With money problems after the Civil War, Felip Mir constitutes a company together with Antoni Camprub\u00ed and Espelt from Campdev\u00e0nol to manage the route Ripoll-La Pobla de Lillet. Later on the society breaks up and Mir become the only owner of the line. By the decree of 9th December 1949 Felip Mir and Sardenyons validates the route Ripoll-La Pobla de Lillet. Manel Mir i Vila, grandson of his Mir ancestors, by the law of the 28th of May 1987 and as authorised by the Generalitat de Catalunya validates the routes and keeps the lines Ripoll to La Pobla de Lillet and Guardiola de Bergued\u00e0 as far as Bag\u00e0, route Ripoll to Ll\u00edvia through Castellar de N\u2019Hug, and from March 2010 the line Ripoll to Ribes de Freser is extended to Valley Ribes villages, together with the organisation of excursions and a travel agency.<\/p>\n<\/div><\/div><\/div><\/div><\/div><\/p>\n","protected":false},"excerpt":{"rendered":"","protected":false},"author":5,"featured_media":0,"parent":0,"menu_order":0,"comment_status":"open","ping_status":"closed","template":"100-width.php","meta":{"footnotes":""},"class_list":["post-13365","page","type-page","status-publish","hentry"],"_links":{"self":[{"href":"https:\/\/www.autocarsmir.com\/en\/wp-json\/wp\/v2\/pages\/13365","targetHints":{"allow":["GET"]}}],"collection":[{"href":"https:\/\/www.autocarsmir.com\/en\/wp-json\/wp\/v2\/pages"}],"about":[{"href":"https:\/\/www.autocarsmir.com\/en\/wp-json\/wp\/v2\/types\/page"}],"author":[{"embeddable":true,"href":"https:\/\/www.autocarsmir.com\/en\/wp-json\/wp\/v2\/users\/5"}],"replies":[{"embeddable":true,"href":"https:\/\/www.autocarsmir.com\/en\/wp-json\/wp\/v2\/comments?post=13365"}],"version-history":[{"count":3,"href":"https:\/\/www.autocarsmir.com\/en\/wp-json\/wp\/v2\/pages\/13365\/revisions"}],"predecessor-version":[{"id":13579,"href":"https:\/\/www.autocarsmir.com\/en\/wp-json\/wp\/v2\/pages\/13365\/revisions\/13579"}],"wp:attachment":[{"href":"https:\/\/www.autocarsmir.com\/en\/wp-json\/wp\/v2\/media?parent=13365"}],"curies":[{"name":"wp","href":"https:\/\/api.w.org\/{rel}","templated":true}]}}